{"id":745,"date":"2012-01-28T23:18:50","date_gmt":"2012-01-28T22:18:50","guid":{"rendered":"http:\/\/www.karatecachan.fr\/?page_id=745"},"modified":"2012-01-29T00:14:55","modified_gmt":"2012-01-28T23:14:55","slug":"compter-jusqua-dix-en-japonnais","status":"publish","type":"page","link":"https:\/\/www.karatecachan.fr\/?page_id=745","title":{"rendered":"Compter jusqu&rsquo;\u00e0 dix en Japonais"},"content":{"rendered":"<table width=\"70%\" bgcolor=\"#ffffff\">\n<tbody>\n<tr>\n<td align=\"center\" width=\"10%\"><\/td>\n<td align=\"center\" width=\"30%\"><strong>Id\u00e9ogramme<\/strong><\/td>\n<td align=\"center\" width=\"10%\"><strong>\u00c9criture latine<\/strong><\/td>\n<td align=\"center\" width=\"30%\"><strong>Prononciation<\/strong><\/td>\n<\/tr>\n<tr>\n<td align=\"center\" width=\"10%\">1<\/td>\n<td align=\"center\" width=\"30%\"><img loading=\"lazy\" decoding=\"async\" title=\"un\" src=\"http:\/\/www.infoaikido.com\/wp-content\/uploads\/2010\/11\/un.jpg\" alt=\"un en japonais\" width=\"30\" height=\"30\" \/><\/td>\n<td align=\"center\" width=\"30%\"><strong>ichi<\/strong><\/td>\n<td align=\"center\" width=\"30%\">itchi<\/td>\n<\/tr>\n<tr>\n<td align=\"center\" width=\"10%\">2<\/td>\n<td align=\"center\" width=\"30%\"><img loading=\"lazy\" decoding=\"async\" title=\"deux\" src=\"http:\/\/www.infoaikido.com\/wp-content\/uploads\/2010\/11\/deux.jpg\" alt=\"Deux en japonais\" width=\"23\" height=\"23\" \/><\/td>\n<td align=\"center\" width=\"30%\"><strong>ni<\/strong><\/td>\n<td align=\"center\" width=\"30%\">ni<\/td>\n<\/tr>\n<tr>\n<td align=\"center\" width=\"10%\">3<\/td>\n<td align=\"center\" width=\"30%\"><img loading=\"lazy\" decoding=\"async\" title=\"trois\" src=\"http:\/\/www.infoaikido.com\/wp-content\/uploads\/2010\/11\/trois.jpg\" alt=\"Trois en japonais\" width=\"23\" height=\"23\" \/><\/td>\n<td align=\"center\" width=\"30%\"><strong>san<\/strong><\/td>\n<td align=\"center\" width=\"30%\">sane<\/td>\n<\/tr>\n<tr>\n<td align=\"center\" width=\"10%\">4<\/td>\n<td align=\"center\" width=\"30%\"><img loading=\"lazy\" decoding=\"async\" title=\"quatre\" src=\"http:\/\/www.infoaikido.com\/wp-content\/uploads\/2010\/11\/quatre.jpg\" alt=\"Quatre en japonais\" width=\"23\" height=\"23\" \/><\/td>\n<td align=\"center\" width=\"30%\"><strong>shi<\/strong><\/td>\n<td align=\"center\" width=\"30%\">chi<\/td>\n<\/tr>\n<tr>\n<td align=\"center\" width=\"10%\">5<\/td>\n<td align=\"center\" width=\"30%\"><img loading=\"lazy\" decoding=\"async\" title=\"cinq\" src=\"http:\/\/www.infoaikido.com\/wp-content\/uploads\/2010\/11\/cinq.jpg\" alt=\"Cinq en japonais\" width=\"23\" height=\"23\" \/><\/td>\n<td align=\"center\" width=\"30%\"><strong>go<\/strong><\/td>\n<td align=\"center\" width=\"30%\">go<\/td>\n<\/tr>\n<tr>\n<td align=\"center\" width=\"10%\">6<\/td>\n<td align=\"center\" width=\"30%\"><img loading=\"lazy\" decoding=\"async\" title=\"six\" src=\"http:\/\/www.infoaikido.com\/wp-content\/uploads\/2010\/11\/six.jpg\" alt=\"Six en japonais\" width=\"23\" height=\"23\" \/><\/td>\n<td align=\"center\" width=\"30%\"><strong>roku<\/strong><\/td>\n<td align=\"center\" width=\"30%\">lokou<\/td>\n<\/tr>\n<tr>\n<td align=\"center\" width=\"10%\">7<\/td>\n<td align=\"center\" width=\"30%\"><img loading=\"lazy\" decoding=\"async\" title=\"sept\" src=\"http:\/\/www.infoaikido.com\/wp-content\/uploads\/2010\/11\/sept.jpg\" alt=\"Sept en japonais\" width=\"23\" height=\"23\" \/><\/td>\n<td align=\"center\" width=\"30%\"><strong>shichi<\/strong><\/td>\n<td align=\"center\" width=\"30%\">chitchi<\/td>\n<\/tr>\n<tr>\n<td align=\"center\" width=\"10%\">8<\/td>\n<td align=\"center\" width=\"30%\"><img loading=\"lazy\" decoding=\"async\" title=\"huit\" src=\"http:\/\/www.infoaikido.com\/wp-content\/uploads\/2010\/11\/huit.jpg\" alt=\"Huit en japonais\" width=\"23\" height=\"23\" \/><\/td>\n<td align=\"center\" width=\"30%\"><strong>hachi<\/strong><\/td>\n<td align=\"center\" width=\"30%\">hatchi<\/td>\n<\/tr>\n<tr>\n<td align=\"center\" width=\"10%\">9<\/td>\n<td align=\"center\" width=\"30%\"><img loading=\"lazy\" decoding=\"async\" title=\"neuf\" src=\"http:\/\/www.infoaikido.com\/wp-content\/uploads\/2010\/11\/neuf.jpg\" alt=\"Neuf en japonais\" width=\"23\" height=\"23\" \/><\/td>\n<td align=\"center\" width=\"30%\"><strong>ky\u00fb\/ku<\/strong><\/td>\n<td align=\"center\" width=\"30%\">kio\u00fb\/kou<\/td>\n<\/tr>\n<tr>\n<td align=\"center\" width=\"10%\">10<\/td>\n<td align=\"center\" width=\"30%\"><img loading=\"lazy\" decoding=\"async\" title=\"dix\" src=\"http:\/\/www.infoaikido.com\/wp-content\/uploads\/2010\/11\/dix.jpg\" alt=\"Dix en japonais\" width=\"23\" height=\"23\" \/><\/td>\n<td align=\"center\" width=\"30%\"><strong>j\u00fb<\/strong><\/td>\n<td align=\"center\" width=\"30%\">djo\u00fb<\/td>\n<\/tr>\n<\/tbody>\n<\/table>\n<p>Ecoutez les chiffres de 1 \u00e0 10 en japonais : [mp3j track=\u00a0\u00bbcountsoft.mp3&Prime;]<\/p>\n","protected":false},"excerpt":{"rendered":"<p>Id\u00e9ogramme \u00c9criture latine Prononciation 1 ichi itchi 2 ni ni 3 san sane 4 shi chi 5 go go 6 roku lokou 7 shichi chitchi 8 hachi hatchi 9 ky\u00fb\/ku kio\u00fb\/kou 10 j\u00fb djo\u00fb Ecoutez les chiffres de 1 \u00e0 10 en japonais : [mp3j track=\u00a0\u00bbcountsoft.mp3&Prime;]<\/p>\n","protected":false},"author":1,"featured_media":0,"parent":518,"menu_order":6,"comment_status":"closed","ping_status":"open","template":"","meta":{"footnotes":""},"class_list":["post-745","page","type-page","status-publish","hentry"],"_links":{"self":[{"href":"https:\/\/www.karatecachan.fr\/index.php?rest_route=\/wp\/v2\/pages\/745","targetHints":{"allow":["GET"]}}],"collection":[{"href":"https:\/\/www.karatecachan.fr\/index.php?rest_route=\/wp\/v2\/pages"}],"about":[{"href":"https:\/\/www.karatecachan.fr\/index.php?rest_route=\/wp\/v2\/types\/page"}],"author":[{"embeddable":true,"href":"https:\/\/www.karatecachan.fr\/index.php?rest_route=\/wp\/v2\/users\/1"}],"replies":[{"embeddable":true,"href":"https:\/\/www.karatecachan.fr\/index.php?rest_route=%2Fwp%2Fv2%2Fcomments&post=745"}],"version-history":[{"count":0,"href":"https:\/\/www.karatecachan.fr\/index.php?rest_route=\/wp\/v2\/pages\/745\/revisions"}],"up":[{"embeddable":true,"href":"https:\/\/www.karatecachan.fr\/index.php?rest_route=\/wp\/v2\/pages\/518"}],"wp:attachment":[{"href":"https:\/\/www.karatecachan.fr\/index.php?rest_route=%2Fwp%2Fv2%2Fmedia&parent=745"}],"curies":[{"name":"wp","href":"https:\/\/api.w.org\/{rel}","templated":true}]}}