{"id":544,"date":"2011-11-01T15:49:17","date_gmt":"2011-11-01T14:49:17","guid":{"rendered":"http:\/\/www.karatecachan.fr\/?page_id=544"},"modified":"2016-12-20T23:49:52","modified_gmt":"2016-12-20T22:49:52","slug":"katas","status":"publish","type":"page","link":"https:\/\/www.karatecachan.fr\/?page_id=544","title":{"rendered":"Kata"},"content":{"rendered":"<p style=\"text-align: justify;\"><strong><em><span style=\"text-decoration: underline;\">Qu\u2019est-ce qu\u2019un kata?<\/span><\/em><\/strong><\/p>\n<p style=\"text-align: justify;\">Le kata n\u2019est pas une notion propre au karat\u00e9, il existe dans tous les arts martiaux d\u2019Extr\u00eame Orient. Il est une mani\u00e8re d\u2019apprendre, de ne pas oublier et de transmettre en pr\u00e9servant les \u00ab\u00a0techniques-m\u00e8res\u00a0\u00bb, celles des origines et dont d\u00e9coulent toutes celles que l\u2019ont conna\u00eet maintenant.<\/p>\n<p style=\"text-align: justify;\">Le kata, c\u2019est des techniques, des attitudes, des d\u00e9placements, des sensations. Un kata se pr\u00e9sente comme une suite de mouvements, le tout soigneusement codifi\u00e9 dans les moindres d\u00e9tails.<\/p>\n<p style=\"text-align: justify;\">L\u2019id\u00e9e de d\u00e9part est que l\u2019on se trouve assailli par plusieurs adversaires sous des angles diff\u00e9rents, ce qui ne permet aucune erreur d\u2019appr\u00e9ciation. C\u2019est d\u2019abord la figuration d\u2019un combat pour la vie o\u00f9, aucune \u00e9nergie et volont\u00e9 de vaincre ne sont superflues. Le kata oblige le pratiquant \u00e0 parer, esquiver, bloquer dans toutes les directions, frapper des poings et des pieds avec des encha\u00eenements r\u00e9alistes, agripper, projeter, changer de rythme, le kata recr\u00e9e les conditions d\u2019un combat total.<\/p>\n<p style=\"text-align: justify;\">A partir d\u2019une situation particuli\u00e8re, chaque kata montre la possibilit\u00e9 d\u2019un d\u00e9veloppement\u00a0; il met donc en jeu des techniques d\u2019attaque et de d\u00e9fense en r\u00e9ponse aux mouvements et strat\u00e9gies suppos\u00e9es du ou des adversaires.<br \/>\nLes kata proposent donc en m\u00eame temps que des techniques, un apprentissage de la strat\u00e9gie.<\/p>\n<p><strong>Katas GEKISAI-DAI-ICHI et DAI NI<\/strong><\/p>\n<p style=\"text-align: justify;\">Les deux kata Gekisai on \u00e9t\u00e9 cr\u00e9\u00e9s par Chojun Miyagi sensei en 1940 et proc\u00e8dent\u00a0 de sa volont\u00e9 d\u2019unifier les Katas d\u2019\u00e9tude \u00e0 partir des Kata classiques, un travail de compilation rendu n\u00e9cessaire pour mieux populariser le Karat\u00e9.<\/p>\n<p style=\"text-align: justify;\">On\u00a0 y retrouve la combinaison d\u2019\u00e9l\u00e9ments pris au Naha-Te (Style de Higaonna Sensei), et au Shuri-te (influence de Itosu Sensei.)<\/p>\n<p style=\"text-align: justify;\">D\u2019o\u00f9 des mouvements \u00e0 ex\u00e9cuter en puissance mais aussi des techniques plus engag\u00e9es, plus longues, sur un sch\u00e9ma de d\u00e9placement simple.<\/p>\n<p style=\"text-align: justify;\">Leur interpr\u00e9tation (bunkai\u00a0:application au combat) est relativement \u00e9vidente.<br \/>\nSeikichi Toguchi du Shorei-kan Goju-Ryu un \u00e9l\u00e8ve de Miyagi Sensei a par la suite cr\u00e9e des formes encore simplifi\u00e9es de ces Gekisai, les Hookiyu Kata (1 et\u00a02) que nous ne pratiquons pas dans notre \u00e9cole.<\/p>\n","protected":false},"excerpt":{"rendered":"<p>Qu\u2019est-ce qu\u2019un kata? Le kata n\u2019est pas une notion propre au karat\u00e9, il existe dans tous les arts martiaux d\u2019Extr\u00eame Orient. Il est une mani\u00e8re d\u2019apprendre, de ne pas oublier et de transmettre en pr\u00e9servant les \u00ab\u00a0techniques-m\u00e8res\u00a0\u00bb, celles des origines et dont d\u00e9coulent toutes celles que l\u2019ont conna\u00eet maintenant. Le kata, c\u2019est des techniques, des &hellip; <a href=\"https:\/\/www.karatecachan.fr\/?page_id=544\" class=\"more-link\">Continuer la lecture de <span class=\"screen-reader-text\">Kata<\/span>  <span class=\"meta-nav\">&rarr;<\/span><\/a><\/p>\n","protected":false},"author":1,"featured_media":0,"parent":518,"menu_order":5,"comment_status":"closed","ping_status":"open","template":"","meta":{"footnotes":""},"class_list":["post-544","page","type-page","status-publish","hentry"],"_links":{"self":[{"href":"https:\/\/www.karatecachan.fr\/index.php?rest_route=\/wp\/v2\/pages\/544","targetHints":{"allow":["GET"]}}],"collection":[{"href":"https:\/\/www.karatecachan.fr\/index.php?rest_route=\/wp\/v2\/pages"}],"about":[{"href":"https:\/\/www.karatecachan.fr\/index.php?rest_route=\/wp\/v2\/types\/page"}],"author":[{"embeddable":true,"href":"https:\/\/www.karatecachan.fr\/index.php?rest_route=\/wp\/v2\/users\/1"}],"replies":[{"embeddable":true,"href":"https:\/\/www.karatecachan.fr\/index.php?rest_route=%2Fwp%2Fv2%2Fcomments&post=544"}],"version-history":[{"count":2,"href":"https:\/\/www.karatecachan.fr\/index.php?rest_route=\/wp\/v2\/pages\/544\/revisions"}],"predecessor-version":[{"id":1767,"href":"https:\/\/www.karatecachan.fr\/index.php?rest_route=\/wp\/v2\/pages\/544\/revisions\/1767"}],"up":[{"embeddable":true,"href":"https:\/\/www.karatecachan.fr\/index.php?rest_route=\/wp\/v2\/pages\/518"}],"wp:attachment":[{"href":"https:\/\/www.karatecachan.fr\/index.php?rest_route=%2Fwp%2Fv2%2Fmedia&parent=544"}],"curies":[{"name":"wp","href":"https:\/\/api.w.org\/{rel}","templated":true}]}}