{"id":531,"date":"2011-11-01T15:33:28","date_gmt":"2011-11-01T14:33:28","guid":{"rendered":"http:\/\/www.karatecachan.fr\/?page_id=531"},"modified":"2011-11-01T17:12:40","modified_gmt":"2011-11-01T16:12:40","slug":"histoire","status":"publish","type":"page","link":"https:\/\/www.karatecachan.fr\/?page_id=531","title":{"rendered":"Histoire"},"content":{"rendered":"<p align=\"center\"><strong>\u00a0HISTOIRE\u00a0 DU KARATE DU SHOREI RYU AU GOJU RYU<\/strong><\/p>\n<p>Au cours du 19<sup>\u00e8me<\/sup> si\u00e8cle, l\u2019Okinawa Te (main d\u2019Okinawa, art de combat \u00e0 main nue d\u2019Okinawa) se r\u00e9partissait en trois branches\u00a0: Naha Te, Shuri Te et Tomari Te, ainsi nomm\u00e9es par leur lieu d\u2019origine sur l\u2019ile d\u2019Okinawa.<br \/>\nCes trois localit\u00e9s \u00e9taient si proches les unes des autres que Tomari et Shuri sont aujourd\u2019hui les faubourgs de Naha, Pr\u00e9fecture d\u2019Okinawa.<br \/>\nD\u2019autre part, Shuri Te et Tomari Te \u00e9taient si semblables que peu \u00e0 peu la distinction entre les deux styles s\u2019att\u00e9nua.<br \/>\nL\u2019autre appellation de Shuri Te \u00e9tait Shorin ryu et celle de Naha Te, <strong>Shorei ryu<\/strong>. (clin d\u2019\u0153il\u00a0: et oui\u00a0! Shorei ryu karate do Cachan, nous y voil\u00e0).<br \/>\nTechniquement, le Naha Te ou Shorei ryu se rattache aux styles du sud de la Chine\u00a0: postures stables et puissantes, coups de pieds bas, respiration ventrale sonore, etc\u2026.).<br \/>\nLe Shorin ryu est apparent\u00e9 aux styles du nord de la Chine. Il est en quelque sorte l\u2019anc\u00e8tre du Shotokan ryu qui se d\u00e9veloppera plus tard sous l\u2019autorit\u00e9 du ma\u00eetre Funakoshi Gichin hors d\u2019Okinawa sur l\u2019\u00eele principale du Japon.\u00a0;<br \/>\nDu Shorei ryu ou Naha Te va d\u00e9couler le Goju ryu, voici comment.<br \/>\nLa premi\u00e8re version du Naha Te a \u00e9t\u00e9 inspir\u00e9 par Ason, un expert chinois de Kumemura puis fut transmise par Sakiyama, mais s\u2019est \u00e9teinte avec Tomigusuku.<br \/>\nLe Naha Te reprendra vie avec celui qui allait devenir un des ma\u00eetres de karate les plus reconnus et importants de son \u00e9poque, Higaonna Kanryo.<br \/>\nCelui-ci \u00e9tudia dans sa jeunesse le Shuri Te sous la direction d\u2019un tr\u00e8s grand ma\u00eetre Matsumura Sokon d\u00e9c\u00e9d\u00e9 en 1896. Il connaissait donc les bases de ce style qui donnera plus tard, naissance au Shotokan ryu.<br \/>\nIl commencera ensuite l\u2019\u00e9tude du Naha Te ou Shorei ryu, sous l\u2019autorit\u00e9 du ma\u00eetre Waichingzan. Ceci, toujours \u00e0 Okinawa.<br \/>\nEn 1870, \u00e0 l\u2019age de vingt cinq ans, Higaonna Kanryo travaille pour un n\u00e9gociant chinois en th\u00e9. Lors d\u2019un voyage en Chine, dans la province du Fukien, celui-ci lui pr\u00e9sentera ma\u00eetre Woo Lu Chin.<br \/>\nLe ma\u00eetre chinois acceptera Higaonna comme \u00e9l\u00e8ve et lui fera \u00e9tudier divers styles de Wu shu (art de combat chinois) (styles du printemps radieux, de la mante religieuse du sud, de la grue blanche,\u2026..) ainsi que la Tai chi chuan.<br \/>\nTout l\u2019aspect \u00e9nerg\u00e9tique du travail d\u00e9velopp\u00e9 par Higaonna dans le Naha Te, par la suite, notamment les kata \u00e0 respirations ventrale sonore, semble provenir de cet enseignement direct inspir\u00e9 du Chi kung chinois.<br \/>\nHigaonna restera en Chine aupr\u00e8s de Woo Lun Chin pendant dix sept ans.<br \/>\nIl rentre \u00e0 Okinawa en 1887 et commence \u00e0 dispenser son enseignement \u00e0 Naha. Il adopte pour son \u00e9cole le nom de Naha Te d\u00e9j\u00e0 employ\u00e9 par son ancien ma\u00eetre okinawaien.<br \/>\nParmi les \u00e9l\u00e8ves directs de Higaonna Kanryo on trouve Miyagi Chojun et Kyoda Juhatsu, dont les \u00e9coles respectives arriveront jusqu\u2019\u00e0 nous Goju ryu et Toon ryu.<br \/>\nNous sommes l\u00e0 aux origines de ces styles de karate que nous pratiquons au sein du club.<\/p>\n<p style=\"text-align: center;\"><a href=\"https:\/\/www.karatecachan.fr\/wp-content\/uploads\/2011\/11\/maitres.jpg\"><img loading=\"lazy\" decoding=\"async\" class=\"size-large wp-image-532  aligncenter\" title=\"maitres\" src=\"https:\/\/www.karatecachan.fr\/wp-content\/uploads\/2011\/11\/maitres-1024x579.jpg\" alt=\"\" width=\"640\" height=\"361\" srcset=\"https:\/\/www.karatecachan.fr\/wp-content\/uploads\/2011\/11\/maitres-1024x579.jpg 1024w, https:\/\/www.karatecachan.fr\/wp-content\/uploads\/2011\/11\/maitres-300x169.jpg 300w, https:\/\/www.karatecachan.fr\/wp-content\/uploads\/2011\/11\/maitres.jpg 1035w\" sizes=\"auto, (max-width: 640px) 100vw, 640px\" \/><\/a>1er rang 2\u00e8me en partant de la droite Higaonna Kanryo;<br \/>\n2\u00e8me rang 3\u00e8me en partant de la droite Miyagi Chojun;<br \/>\n2\u00e8me rang 4\u00e8me en partant de la droite Kyoda Juhatsu<\/p>\n<figure id=\"attachment_536\" aria-describedby=\"caption-attachment-536\" style=\"width: 186px\" class=\"wp-caption alignleft\"><a href=\"https:\/\/www.karatecachan.fr\/wp-content\/uploads\/2011\/11\/miyagi2.jpg\"><img loading=\"lazy\" decoding=\"async\" class=\"size-full wp-image-536 \" title=\"miyagi2\" src=\"https:\/\/www.karatecachan.fr\/wp-content\/uploads\/2011\/11\/miyagi2.jpg\" alt=\"\" width=\"186\" height=\"262\" \/><\/a><figcaption id=\"caption-attachment-536\" class=\"wp-caption-text\">MIYAGI et KYODA \u00e0 l\u2019entra\u00eenement<\/figcaption><\/figure>\n<p>&nbsp;<\/p>\n<p>Miyagi fut l\u2019un des tr\u00e8s grands ma\u00eetres d\u2019Okinawa. N\u00e9 d\u2019origine noble en 1888 \u00e0 Naha (pr\u00e9fecture d\u2019Okinawa), il d\u00e9couvre le kenp\u00f4 des ryu kyu sous la tutelle de Aragaki Ry\u00fbko en 1899. En 1902, celui-ci le pr\u00e9sente \u00e0 Higaonna Kanryo.<\/p>\n<figure id=\"attachment_535\" aria-describedby=\"caption-attachment-535\" style=\"width: 161px\" class=\"wp-caption alignright\"><a href=\"https:\/\/www.karatecachan.fr\/wp-content\/uploads\/2011\/11\/miyagi1.jpg\"><img loading=\"lazy\" decoding=\"async\" class=\"size-full wp-image-535 \" title=\"miyagi1\" src=\"https:\/\/www.karatecachan.fr\/wp-content\/uploads\/2011\/11\/miyagi1.jpg\" alt=\"\" width=\"161\" height=\"226\" \/><\/a><figcaption id=\"caption-attachment-535\" class=\"wp-caption-text\">MIYAGI et KYODA \u00e0 l\u2019entra\u00eenement<\/figcaption><\/figure>\n<p>Quelques ann\u00e9es plus tard, comme son ma\u00eetre l\u2019a fait avant lui, il se rend en Chine aux sources de son art. Ce voyage eut probablement lieu entre 1904 et 1908. De retour \u00e0 Okinawa, de 1909 \u00e0 1911, il est \u00e0 l\u2019arm\u00e9e.<br \/>\nEn 1915, Miyagi retourne en Chine pendant deux ans, accompagn\u00e9 de G\u00f4 Kenki, d\u2019origine chinoise, expert du style chinois Pai-Hao-K\u2019iuan (boxe du h\u00e9ron blanc, en japonais\u00a0: Hakutsuru ken). Il est dit que l\u2019influence de ce dernier sur l\u2019\u00e9laboration du Goju ryu ne fut pas n\u00e9gligeable. Ensemble, ils vont pratiquer avec les successeurs de Woo Lun Chin (ma\u00eetre de Higaonna Kanryo).<br \/>\nDe retour de Chine, en 1917, suite au d\u00e9c\u00e8s de Higaonna survenu en 1916, Miyagi prend la succession officielle de celui-ci. Il commence \u00e0 effectuer la synth\u00e8se des diff\u00e9rents enseignements qu\u2019il a re\u00e7us.<br \/>\nIl codifie le kata sanchin qu\u2019il fera pratiquer les poings ferm\u00e9s alors qu\u2019\u00e0 l\u2019origine il se pratiquait mains ouvertes et y adaptera une forme respiratoire Ibuki (respiration forc\u00e9e) servant \u00e0 renforcer le corps. (dans l\u2019\u00e9cole Uechi ryu, par exemple, une autre approche du kata sanchin existe, il est pratiqu\u00e9 mains ouvertes et avec une respiration naturelle). Il cr\u00e9e \u00e9galement de nouveau kata, tout d\u2019abord tensho issu de sanchin et de la forme rokkishu qu lui avait transmis son ami G\u00f4 Kenki, puis plus tard, il cr\u00e9era en 1940 les kata gekisai dai ichi et gekisai dai ni.<br \/>\nEn 1921, Miyagi effectue une d\u00e9monstration devant l\u2019empereur Hirohito de passage \u00e0 Okinawa. En 1926 il fonde une association, la Okinawa-karate-jutsu-kenkyu-kai avec d\u2019autres ma\u00eetres okinawaiens, dont Mabuni Kenwa fondateur du style Shito ryu.<br \/>\nEn 1926ou 1927, Kano Jigoro, fondateur du Judo se rend \u00e0 Okinawa pour y effectuer une d\u00e9monstration. Lors de cet \u00e9v\u00e8nement, Miyagi effectue \u00e9galement une d\u00e9monstration de son art puis une seconde en priv\u00e9 \u00e0 la demande de Kano. Miyagi lui d\u00e9montre alors les techniques de saisies, luxations et projections du Goju ryu.<\/p>\n<figure id=\"attachment_550\" aria-describedby=\"caption-attachment-550\" style=\"width: 186px\" class=\"wp-caption alignleft\"><a href=\"https:\/\/www.karatecachan.fr\/wp-content\/uploads\/2011\/11\/MIYAGI-4.jpg\"><img loading=\"lazy\" decoding=\"async\" class=\"size-full wp-image-550\" title=\"MIYAGI 4\" src=\"https:\/\/www.karatecachan.fr\/wp-content\/uploads\/2011\/11\/MIYAGI-4.jpg\" alt=\"\" width=\"186\" height=\"270\" \/><\/a><figcaption id=\"caption-attachment-550\" class=\"wp-caption-text\">MIYAGY<\/figcaption><\/figure>\n<p>En 1928, Miyagi est invit\u00e9 \u00e0 Ky\u00f4to pour participer \u00e0 une d\u00e9monstration organis\u00e9e par le Dai-Nihon-Butoku-Kai, organisme cr\u00e9\u00e9 en 1895 pour le maintien et le d\u00e9veloppement des arts martiaux traditionnels japonais.<br \/>\nNe pouvant s\u2019y rendre, il d\u00e9l\u00e8gue alors un de ses meilleurs disciples Shinzato Jin\u2019an. Ce dernier mourra en 1945 lors de la bataille d\u2019Okinawa. A Ky\u00f4to, interrog\u00e9 sur le nom de son style, nom qui n\u2019existait pas encore, il improvisa et r\u00e9pondit\u00a0: Han-K\u00f4-Ryu (\u00e9cole mi-dure). De retour \u00e0 Okinawa, ce nom fut approuv\u00e9 par Miyagi qui en 1929 adopte d\u00e9finiti-vement le terme G\u00f4j\u00fb ry\u00fb (\u00e9cole dure et souple).<br \/>\nEn 1932, Miyagi se rend dans plusieurs villes du Japon dont Tokyo o\u00f9 il rencontre Yamaguchi G\u00f4gen qui deviendra par la suite le chef de file de la branche japonaise du Goju ryu et popularisera ce style \u00e0 travers son organisation internationale.<br \/>\nEn 1934, Miyagi se rend sur invitation \u00e0 Hawai o\u00f9 il enseignera son style jusqu\u2019en 1935.<br \/>\nEn 1936, il effectue un nouveau voyage en chine. En 1937, il obtient du Butoku-kai le titre de Kyoshi. Il est le premier ma\u00eetre de karate \u00e0 obtenir ce grade de la part du Butoku-kai.<br \/>\nEn 1952, il fonde l\u2019association G\u00f4j\u00fb-ry\u00fb-Shinko-Kai, en collaboration avec quelques uns de ses \u00e9l\u00e8ves dont Higa Seiko, Yagi Meitoku, Togushi Seikichi et Miyazato Eichi.<br \/>\nIl meurt l\u2019ann\u00e9e suivante apr\u00e8s avoir fait du Goju ryu un des styles majeurs du karate okinawaien.<\/p>\n","protected":false},"excerpt":{"rendered":"<p>\u00a0HISTOIRE\u00a0 DU KARATE DU SHOREI RYU AU GOJU RYU Au cours du 19\u00e8me si\u00e8cle, l\u2019Okinawa Te (main d\u2019Okinawa, art de combat \u00e0 main nue d\u2019Okinawa) se r\u00e9partissait en trois branches\u00a0: Naha Te, Shuri Te et Tomari Te, ainsi nomm\u00e9es par leur lieu d\u2019origine sur l\u2019ile d\u2019Okinawa. Ces trois localit\u00e9s \u00e9taient si proches les unes des &hellip; <a href=\"https:\/\/www.karatecachan.fr\/?page_id=531\" class=\"more-link\">Continuer la lecture de <span class=\"screen-reader-text\">Histoire<\/span>  <span class=\"meta-nav\">&rarr;<\/span><\/a><\/p>\n","protected":false},"author":1,"featured_media":0,"parent":518,"menu_order":1,"comment_status":"closed","ping_status":"open","template":"","meta":{"footnotes":""},"class_list":["post-531","page","type-page","status-publish","hentry"],"_links":{"self":[{"href":"https:\/\/www.karatecachan.fr\/index.php?rest_route=\/wp\/v2\/pages\/531","targetHints":{"allow":["GET"]}}],"collection":[{"href":"https:\/\/www.karatecachan.fr\/index.php?rest_route=\/wp\/v2\/pages"}],"about":[{"href":"https:\/\/www.karatecachan.fr\/index.php?rest_route=\/wp\/v2\/types\/page"}],"author":[{"embeddable":true,"href":"https:\/\/www.karatecachan.fr\/index.php?rest_route=\/wp\/v2\/users\/1"}],"replies":[{"embeddable":true,"href":"https:\/\/www.karatecachan.fr\/index.php?rest_route=%2Fwp%2Fv2%2Fcomments&post=531"}],"version-history":[{"count":0,"href":"https:\/\/www.karatecachan.fr\/index.php?rest_route=\/wp\/v2\/pages\/531\/revisions"}],"up":[{"embeddable":true,"href":"https:\/\/www.karatecachan.fr\/index.php?rest_route=\/wp\/v2\/pages\/518"}],"wp:attachment":[{"href":"https:\/\/www.karatecachan.fr\/index.php?rest_route=%2Fwp%2Fv2%2Fmedia&parent=531"}],"curies":[{"name":"wp","href":"https:\/\/api.w.org\/{rel}","templated":true}]}}