{"id":518,"date":"2011-11-01T15:01:39","date_gmt":"2011-11-01T14:01:39","guid":{"rendered":"http:\/\/www.karatecachan.fr\/?page_id=518"},"modified":"2012-02-27T19:36:47","modified_gmt":"2012-02-27T18:36:47","slug":"karate","status":"publish","type":"page","link":"https:\/\/www.karatecachan.fr\/?page_id=518","title":{"rendered":"Karat\u00e9"},"content":{"rendered":"<p style=\"text-align: justify;\">Goju-Ryu &#8211; Style de karate prenant son origine dans le Naha-te (puis Shorei ryu) d\u2019Okinawa.<br \/>\nIl s\u2019est d\u00e9velopp\u00e9 dans deux directions\u00a0: celle d\u2019origine, d\u2019Okinawa (Okinawa Goju-Ryu, \u00e0 partir de Miyagi Chojun), se prolonge parall\u00e8lement \u00e0 la branche japonaise qui en est issue (\u00e0 partir de Yamagushi Gogen).<br \/>\nSes techniques l\u2019apparentent aux techniques de boxe du sud de la Chine, o\u00f9 l\u2019accent est mis sur les membres sup\u00e9rieurs (techniques de poings courtes et rondes, puissantes, recherche du corps \u00e0 corps, coups de pieds bas, ma\u00eetrise de la respiration et qui sont tr\u00e8s impr\u00e9gn\u00e9es des recherches sur l\u2019\u00e9nergie interne.)<\/p>\n<p><a title=\"Histoire\" href=\"https:\/\/www.karatecachan.fr\/?page_id=531\">HISTOIRE DU KARATE DU SHOREI RYU AU GOJU RYU<\/a><\/p>\n","protected":false},"excerpt":{"rendered":"<p>Goju-Ryu &#8211; Style de karate prenant son origine dans le Naha-te (puis Shorei ryu) d\u2019Okinawa. Il s\u2019est d\u00e9velopp\u00e9 dans deux directions\u00a0: celle d\u2019origine, d\u2019Okinawa (Okinawa Goju-Ryu, \u00e0 partir de Miyagi Chojun), se prolonge parall\u00e8lement \u00e0 la branche japonaise qui en est issue (\u00e0 partir de Yamagushi Gogen). Ses techniques l\u2019apparentent aux techniques de boxe du &hellip; <a href=\"https:\/\/www.karatecachan.fr\/?page_id=518\" class=\"more-link\">Continuer la lecture de <span class=\"screen-reader-text\">Karat\u00e9<\/span>  <span class=\"meta-nav\">&rarr;<\/span><\/a><\/p>\n","protected":false},"author":1,"featured_media":0,"parent":0,"menu_order":5,"comment_status":"closed","ping_status":"open","template":"","meta":{"footnotes":""},"class_list":["post-518","page","type-page","status-publish","hentry"],"_links":{"self":[{"href":"https:\/\/www.karatecachan.fr\/index.php?rest_route=\/wp\/v2\/pages\/518","targetHints":{"allow":["GET"]}}],"collection":[{"href":"https:\/\/www.karatecachan.fr\/index.php?rest_route=\/wp\/v2\/pages"}],"about":[{"href":"https:\/\/www.karatecachan.fr\/index.php?rest_route=\/wp\/v2\/types\/page"}],"author":[{"embeddable":true,"href":"https:\/\/www.karatecachan.fr\/index.php?rest_route=\/wp\/v2\/users\/1"}],"replies":[{"embeddable":true,"href":"https:\/\/www.karatecachan.fr\/index.php?rest_route=%2Fwp%2Fv2%2Fcomments&post=518"}],"version-history":[{"count":0,"href":"https:\/\/www.karatecachan.fr\/index.php?rest_route=\/wp\/v2\/pages\/518\/revisions"}],"wp:attachment":[{"href":"https:\/\/www.karatecachan.fr\/index.php?rest_route=%2Fwp%2Fv2%2Fmedia&parent=518"}],"curies":[{"name":"wp","href":"https:\/\/api.w.org\/{rel}","templated":true}]}}