{"id":454,"date":"2011-11-01T11:32:33","date_gmt":"2011-11-01T10:32:33","guid":{"rendered":"http:\/\/www.karatecachan.fr\/?page_id=454"},"modified":"2013-08-27T23:47:27","modified_gmt":"2013-08-27T21:47:27","slug":"ecole-de-karate-traditionnel-goju-ryu-jundokan","status":"publish","type":"page","link":"https:\/\/www.karatecachan.fr\/?page_id=454","title":{"rendered":"Ecole de karat\u00e9 traditionnel d&rsquo;Okinawa Goju-ryu Jundokan"},"content":{"rendered":"<p><strong>Notre association propose \u00ab <em>le karat\u00e9 accessible \u00e0 tous<\/em> \u00bb, hommes, femmes et enfants \u00e0 partir de 6 ans.<br \/>\n<\/strong><\/p>\n<ul>\n<li><strong>Une pratique \u00e9ducative et de sant\u00e9<\/strong><strong> adapt\u00e9e \u00e0 chacun en fonction de son \u00e2ge et de ses capacit\u00e9s,<\/strong><\/li>\n<\/ul>\n<ul>\n<li><strong>Une pratique sportive avec <\/strong><strong>du rythme et du mouvement,<\/strong><\/li>\n<\/ul>\n<ul>\n<li><strong>Une pratique traditionnelle bas\u00e9e<\/strong><strong> sur l&rsquo;art martial de d\u00e9fense, la recherche de l&rsquo;efficacit\u00e9 et le travail des techniques d&rsquo;origine okinawaienne.<\/strong><a href=\"https:\/\/www.karatecachan.fr\/wp-content\/uploads\/2011\/11\/busaganashi-site.png\"><img loading=\"lazy\" decoding=\"async\" class=\"size-full wp-image-471 aligncenter\" title=\"busaganashi-site\" src=\"https:\/\/www.karatecachan.fr\/wp-content\/uploads\/2011\/11\/busaganashi-site.png\" alt=\"\" width=\"188\" height=\"268\" \/><\/a><strong><\/strong><\/li>\n<\/ul>\n","protected":false},"excerpt":{"rendered":"<p>Notre association propose \u00ab le karat\u00e9 accessible \u00e0 tous \u00bb, hommes, femmes et enfants \u00e0 partir de 6 ans. Une pratique \u00e9ducative et de sant\u00e9 adapt\u00e9e \u00e0 chacun en fonction de son \u00e2ge et de ses capacit\u00e9s, Une pratique sportive avec du rythme et du mouvement, Une pratique traditionnelle bas\u00e9e sur l&rsquo;art martial de d\u00e9fense, &hellip; <a href=\"https:\/\/www.karatecachan.fr\/?page_id=454\" class=\"more-link\">Continuer la lecture de <span class=\"screen-reader-text\">Ecole de karat\u00e9 traditionnel d&rsquo;Okinawa Goju-ryu Jundokan<\/span>  <span class=\"meta-nav\">&rarr;<\/span><\/a><\/p>\n","protected":false},"author":1,"featured_media":0,"parent":18,"menu_order":1,"comment_status":"closed","ping_status":"open","template":"","meta":{"footnotes":""},"class_list":["post-454","page","type-page","status-publish","hentry"],"_links":{"self":[{"href":"https:\/\/www.karatecachan.fr\/index.php?rest_route=\/wp\/v2\/pages\/454","targetHints":{"allow":["GET"]}}],"collection":[{"href":"https:\/\/www.karatecachan.fr\/index.php?rest_route=\/wp\/v2\/pages"}],"about":[{"href":"https:\/\/www.karatecachan.fr\/index.php?rest_route=\/wp\/v2\/types\/page"}],"author":[{"embeddable":true,"href":"https:\/\/www.karatecachan.fr\/index.php?rest_route=\/wp\/v2\/users\/1"}],"replies":[{"embeddable":true,"href":"https:\/\/www.karatecachan.fr\/index.php?rest_route=%2Fwp%2Fv2%2Fcomments&post=454"}],"version-history":[{"count":0,"href":"https:\/\/www.karatecachan.fr\/index.php?rest_route=\/wp\/v2\/pages\/454\/revisions"}],"up":[{"embeddable":true,"href":"https:\/\/www.karatecachan.fr\/index.php?rest_route=\/wp\/v2\/pages\/18"}],"wp:attachment":[{"href":"https:\/\/www.karatecachan.fr\/index.php?rest_route=%2Fwp%2Fv2%2Fmedia&parent=454"}],"curies":[{"name":"wp","href":"https:\/\/api.w.org\/{rel}","templated":true}]}}