{"id":2134,"date":"2017-08-18T09:58:23","date_gmt":"2017-08-18T07:58:23","guid":{"rendered":"http:\/\/www.karatecachan.fr\/?page_id=2134"},"modified":"2025-09-02T22:36:35","modified_gmt":"2025-09-02T20:36:35","slug":"inscription-adhesion-2017-2018","status":"publish","type":"page","link":"https:\/\/www.karatecachan.fr\/?page_id=2134","title":{"rendered":"Inscription \/ Adh\u00e9sion"},"content":{"rendered":"<h2 style=\"text-align: center;\"><a href=\"https:\/\/www.karatecachan.fr\/wp-content\/uploads\/2016\/10\/ligne_separation.png\"><img loading=\"lazy\" decoding=\"async\" class=\"aligncenter size-full wp-image-1721\" src=\"https:\/\/www.karatecachan.fr\/wp-content\/uploads\/2016\/10\/ligne_separation.png\" alt=\"\" width=\"1037\" height=\"25\" srcset=\"https:\/\/www.karatecachan.fr\/wp-content\/uploads\/2016\/10\/ligne_separation.png 1037w, https:\/\/www.karatecachan.fr\/wp-content\/uploads\/2016\/10\/ligne_separation-300x7.png 300w, https:\/\/www.karatecachan.fr\/wp-content\/uploads\/2016\/10\/ligne_separation-768x19.png 768w, https:\/\/www.karatecachan.fr\/wp-content\/uploads\/2016\/10\/ligne_separation-1024x25.png 1024w\" sizes=\"auto, (max-width: 1037px) 100vw, 1037px\" \/><\/a><em><a href=\"https:\/\/www.karatecachan.fr\/wp-content\/uploads\/2017\/08\/critical_10838.png\"><img loading=\"lazy\" decoding=\"async\" class=\"wp-image-2137 alignleft\" src=\"https:\/\/www.karatecachan.fr\/wp-content\/uploads\/2017\/08\/critical_10838.png\" alt=\"\" width=\"91\" height=\"91\" srcset=\"https:\/\/www.karatecachan.fr\/wp-content\/uploads\/2017\/08\/critical_10838.png 256w, https:\/\/www.karatecachan.fr\/wp-content\/uploads\/2017\/08\/critical_10838-150x150.png 150w\" sizes=\"auto, (max-width: 91px) 100vw, 91px\" \/><\/a>Afin de faciliter la gestion des inscriptions, seuls les <span style=\"text-decoration: underline;\"><strong>dossiers complets<\/strong><\/span> seront accept\u00e9s.<br \/>\n<\/em><\/h2>\n<p><a href=\"https:\/\/www.karatecachan.fr\/wp-content\/uploads\/2016\/10\/ligne_separation.png\"><img loading=\"lazy\" decoding=\"async\" class=\"aligncenter size-full wp-image-1721\" src=\"https:\/\/www.karatecachan.fr\/wp-content\/uploads\/2016\/10\/ligne_separation.png\" alt=\"\" width=\"1037\" height=\"25\" srcset=\"https:\/\/www.karatecachan.fr\/wp-content\/uploads\/2016\/10\/ligne_separation.png 1037w, https:\/\/www.karatecachan.fr\/wp-content\/uploads\/2016\/10\/ligne_separation-300x7.png 300w, https:\/\/www.karatecachan.fr\/wp-content\/uploads\/2016\/10\/ligne_separation-768x19.png 768w, https:\/\/www.karatecachan.fr\/wp-content\/uploads\/2016\/10\/ligne_separation-1024x25.png 1024w\" sizes=\"auto, (max-width: 1037px) 100vw, 1037px\" \/><\/a><\/p>\n<p><span style=\"color: #333399;\"><strong>CONSTITUTION DE VOTRE DOSSIER D\u2019INSCRIPTION:<\/strong><\/span><\/p>\n<h3>Pi\u00e8ces obligatoires :<\/h3>\n<ul>\n<li><strong>Fiche d&rsquo;inscription<\/strong> int\u00e9gralement remplie et sign\u00e9e&nbsp; =&gt; <em>\u00e0 retirer au club ou \u00e0 t\u00e9l\u00e9charger ici : <a href=\"https:\/\/www.karatecachan.fr\/wp-content\/uploads\/2025\/09\/Fiche_inscription_SRKD_2025_2026_Final.pdf\">Fiche_inscription_SRKD<\/a><\/em><\/li>\n<\/ul>\n<ul>\n<li><b>Demande de licence FFKDA <\/b>remplie et sign\u00e9e (<em>\u00e0 retirer au club ou \u00e0 t\u00e9l\u00e9charger ici =&gt; <a href=\"https:\/\/www.karatecachan.fr\/wp-content\/uploads\/2025\/09\/DEMANDE_LICENCE_INTERNET_2025-2026_MD.pdf\">DEMANDE_LICENCE_INTERNET_2025-2026<\/a><\/em><\/li>\n<\/ul>\n<ul>\n<li><strong>1 photo<\/strong> d\u2019identit\u00e9 (<em>\u00e0 coller sur la fiche d&rsquo;inscription)<\/em><\/li>\n<\/ul>\n<ul>\n<li><b>R\u00e8glement de la totalit\u00e9 de la cotisation \u00e0 l\u2019inscription<\/b> (par ch\u00e8que <em>\u00e0 l\u2019ordre du SRKD ou en esp\u00e8ces)<\/em><\/li>\n<\/ul>\n<ul>\n<li>Pour les <strong>mineurs uniquement<\/strong> : une attestation sur l&rsquo;honneur remplie et sign\u00e9e =&gt; <em>\u00e0 retirer au club ou \u00e0 t\u00e9l\u00e9charger ici : <\/em> <a href=\"https:\/\/www.karatecachan.fr\/wp-content\/uploads\/2025\/09\/ATTESTATION-SUR-LHONNEUR-SPORTIF-MINEUR_ANNEXE2_2023_2024_M_2.pdf\">ATTESTATION-SUR-LHONNEUR-SPORTIF-MINEUR_ANNEXE<\/a><\/li>\n<\/ul>\n<h3>Pi\u00e8ces optionnelles :<\/h3>\n<ul>\n<li>Tous les justificatifs de r\u00e9duction (Bon Mairie, code Pass&rsquo;Sport \u2026 en revanche nous ne prenons pas les ch\u00e8ques ANCV)<\/li>\n<\/ul>\n<ul>\n<li>Toutes les informations sur le site de la FFKDA : <a href=\"https:\/\/www.ffkarate.fr\/espace-licencies\/certificat-medical\/\"><span class=\"titre-breve\">R\u00e8glementation relative au certificat m\u00e9dical<\/span><\/a><\/li>\n<\/ul>\n<p>&nbsp;<\/p>\n<h3><a href=\"https:\/\/www.karatecachan.fr\/wp-content\/uploads\/2017\/04\/image_preview.jpeg\"><img loading=\"lazy\" decoding=\"async\" class=\"aligncenter wp-image-2100\" src=\"https:\/\/www.karatecachan.fr\/wp-content\/uploads\/2017\/04\/image_preview.jpeg\" alt=\"\" width=\"86\" height=\"77\" srcset=\"https:\/\/www.karatecachan.fr\/wp-content\/uploads\/2017\/04\/image_preview.jpeg 400w, https:\/\/www.karatecachan.fr\/wp-content\/uploads\/2017\/04\/image_preview-300x270.jpeg 300w\" sizes=\"auto, (max-width: 86px) 100vw, 86px\" \/><\/a><span style=\"color: #ff0000;\"><em>Les \u00e9l\u00e8ves n&rsquo;ayant pas leur dossier d&rsquo;inscription complet ne seront pas accept\u00e9s aux entra\u00eenements pour des questions d&rsquo;assurance.<\/em><\/span><\/h3>\n","protected":false},"excerpt":{"rendered":"<p>Afin de faciliter la gestion des inscriptions, seuls les dossiers complets seront accept\u00e9s. CONSTITUTION DE VOTRE DOSSIER D\u2019INSCRIPTION: Pi\u00e8ces obligatoires : Fiche d&rsquo;inscription int\u00e9gralement remplie et sign\u00e9e&nbsp; =&gt; \u00e0 retirer au club ou \u00e0 t\u00e9l\u00e9charger ici : Fiche_inscription_SRKD Demande de licence FFKDA remplie et sign\u00e9e (\u00e0 retirer au club ou \u00e0 t\u00e9l\u00e9charger ici =&gt; DEMANDE_LICENCE_INTERNET_2025-2026 &hellip; <a href=\"https:\/\/www.karatecachan.fr\/?page_id=2134\" class=\"more-link\">Continuer la lecture de <span class=\"screen-reader-text\">Inscription \/ Adh\u00e9sion<\/span>  <span class=\"meta-nav\">&rarr;<\/span><\/a><\/p>\n","protected":false},"author":1,"featured_media":0,"parent":18,"menu_order":0,"comment_status":"closed","ping_status":"closed","template":"","meta":{"footnotes":""},"class_list":["post-2134","page","type-page","status-publish","hentry"],"_links":{"self":[{"href":"https:\/\/www.karatecachan.fr\/index.php?rest_route=\/wp\/v2\/pages\/2134","targetHints":{"allow":["GET"]}}],"collection":[{"href":"https:\/\/www.karatecachan.fr\/index.php?rest_route=\/wp\/v2\/pages"}],"about":[{"href":"https:\/\/www.karatecachan.fr\/index.php?rest_route=\/wp\/v2\/types\/page"}],"author":[{"embeddable":true,"href":"https:\/\/www.karatecachan.fr\/index.php?rest_route=\/wp\/v2\/users\/1"}],"replies":[{"embeddable":true,"href":"https:\/\/www.karatecachan.fr\/index.php?rest_route=%2Fwp%2Fv2%2Fcomments&post=2134"}],"version-history":[{"count":27,"href":"https:\/\/www.karatecachan.fr\/index.php?rest_route=\/wp\/v2\/pages\/2134\/revisions"}],"predecessor-version":[{"id":4511,"href":"https:\/\/www.karatecachan.fr\/index.php?rest_route=\/wp\/v2\/pages\/2134\/revisions\/4511"}],"up":[{"embeddable":true,"href":"https:\/\/www.karatecachan.fr\/index.php?rest_route=\/wp\/v2\/pages\/18"}],"wp:attachment":[{"href":"https:\/\/www.karatecachan.fr\/index.php?rest_route=%2Fwp%2Fv2%2Fmedia&parent=2134"}],"curies":[{"name":"wp","href":"https:\/\/api.w.org\/{rel}","templated":true}]}}