{"id":1473,"date":"2015-06-25T19:19:00","date_gmt":"2015-06-25T17:19:00","guid":{"rendered":"http:\/\/www.karatecachan.fr\/?page_id=1473"},"modified":"2015-06-25T19:19:00","modified_gmt":"2015-06-25T17:19:00","slug":"noms-des-positions-et-des-techniques-en-japonais","status":"publish","type":"page","link":"https:\/\/www.karatecachan.fr\/?page_id=1473","title":{"rendered":"Noms des positions et des techniques en japonais"},"content":{"rendered":"<table>\n<tbody>\n<tr>\n<td colspan=\"2\" width=\"751\"><strong>POSITIONS : DACHI <\/strong><\/td>\n<\/tr>\n<tr>\n<td width=\"375\">SANCHIN DACHI<\/td>\n<td width=\"375\">Position dit du \u00ab\u00a0Sablier\u00a0\u00bb ou des 3 centres<\/td>\n<\/tr>\n<tr>\n<td width=\"375\">ZENKUTSU DACHI<\/td>\n<td width=\"375\">Fente avant : jambe avant fl\u00e9chie, jambe arri\u00e8re tendue<\/td>\n<\/tr>\n<tr>\n<td width=\"375\">SHIKO DACHI<\/td>\n<td width=\"375\">Position du sumotori<\/td>\n<\/tr>\n<tr>\n<td width=\"375\">NEKO ASHI DACHI<\/td>\n<td width=\"375\">Position du chat<\/td>\n<\/tr>\n<tr>\n<td width=\"375\">FUDO DACHI<\/td>\n<td width=\"375\">Position \u00e9quilibr\u00e9e de combat (entre Zen kutsu et Kokutsu)<\/td>\n<\/tr>\n<tr>\n<td width=\"375\">HACHIJI DACHI<\/td>\n<td width=\"375\">Debout pieds point\u00e9s vers l\u2019ext\u00e9rieur \u00e9cart\u00e9s de la largeur des hanches<\/td>\n<\/tr>\n<tr>\n<td width=\"375\">HEIKO DACHI<\/td>\n<td width=\"375\">Debout pieds \u00e9cart\u00e9s et parall\u00e8les<\/td>\n<\/tr>\n<tr>\n<td width=\"375\">KOSA DACHI ou KAKE DACHI<\/td>\n<td width=\"375\">Position pieds crois\u00e9s<\/td>\n<\/tr>\n<tr>\n<td width=\"375\">HEISOKU DACHI<\/td>\n<td width=\"375\">Debout les pieds l\u2019un contre l\u2019autre<\/td>\n<\/tr>\n<tr>\n<td width=\"375\">MUSUBI DACHI<\/td>\n<td width=\"375\">Debout, talons joints, pointe des pieds \u00e9cart\u00e9s<\/td>\n<\/tr>\n<tr>\n<td width=\"375\">REINOJI DACHI<\/td>\n<td width=\"375\">Debout un pied devant l\u2019autre formant un L<\/td>\n<\/tr>\n<tr>\n<td width=\"375\">TE\u00cfJI DACHI<\/td>\n<td width=\"375\">Debout un pied devant l\u2019autre formant un T<\/td>\n<\/tr>\n<tr>\n<td width=\"375\">UCHI HACHIJI DACHI<\/td>\n<td width=\"375\">Pieds point\u00e9s vers l\u2019int\u00e9rieur<\/td>\n<\/tr>\n<tr>\n<td width=\"375\">KOKUTSU DACHI ou HANMI NO NEKO ASHI DACHI<\/td>\n<td width=\"375\">Fente arri\u00e8re 70% du poids du corps sur la jambe arri\u00e8re<\/td>\n<\/tr>\n<tr>\n<td width=\"375\">KIBA DACHI<\/td>\n<td width=\"375\">Position du cavalier<\/td>\n<\/tr>\n<tr>\n<td width=\"375\">MOTO DACHI<\/td>\n<td width=\"375\">Position fondamentale (petit Zenkutsu)<\/td>\n<\/tr>\n<tr>\n<td width=\"375\">HANGETSU DACHI ou SEISHAN DACHI<\/td>\n<td width=\"375\">Position du sablier \u00e9largie<\/td>\n<\/tr>\n<tr>\n<td width=\"375\">TSURU ASHI DACHI ou SAGI ASHI DACHI<\/td>\n<td width=\"375\">Debout sur une jambe<\/td>\n<\/tr>\n<\/tbody>\n<\/table>\n<table>\n<tbody>\n<tr>\n<td colspan=\"2\" width=\"679\"><strong>DEPLACEMENTS : UNSOKU <\/strong><\/td>\n<\/tr>\n<tr>\n<td width=\"340\">AYUMI ASCHI ou DE ASCHI<\/td>\n<td width=\"340\">Avancer d\u2019un pas<\/td>\n<\/tr>\n<tr>\n<td width=\"340\">HIKI ASHI<\/td>\n<td width=\"340\">Reculer d\u2019un pas<\/td>\n<\/tr>\n<tr>\n<td width=\"340\">YORI ASHI<\/td>\n<td width=\"340\">Pas gliss\u00e9<\/td>\n<\/tr>\n<tr>\n<td width=\"340\">TSUGI ASHI<\/td>\n<td width=\"340\">Pas chass\u00e9<\/td>\n<\/tr>\n<tr>\n<td width=\"340\">OKURI ASHI<\/td>\n<td width=\"340\">Double pas<\/td>\n<\/tr>\n<tr>\n<td width=\"340\">MAWARI ASHI<\/td>\n<td width=\"340\">D\u00e9placement tournant autour du pied avant<\/td>\n<\/tr>\n<tr>\n<td width=\"340\">USHIRO MAWARI ASHI<\/td>\n<td width=\"340\">D\u00e9placement tournant autour du pied arri\u00e8re<\/td>\n<\/tr>\n<\/tbody>\n<\/table>\n<p>&nbsp;<\/p>\n<table>\n<tbody>\n<tr>\n<td colspan=\"2\" width=\"662\"><strong>TECHNIQUES DE DEFENSE : UKE WAZA <\/strong><\/td>\n<\/tr>\n<tr>\n<td width=\"331\">GEDAN BARAI<\/td>\n<td width=\"331\">D\u00e9fense basse par un mouvement de balayage avec le bras<\/td>\n<\/tr>\n<tr>\n<td width=\"331\">JODAN AGE UKE<\/td>\n<td width=\"331\">D\u00e9fense haute par un mouvement remontant avec le bras<\/td>\n<\/tr>\n<tr>\n<td width=\"331\">SOTO UDE UKE<\/td>\n<td width=\"331\">D\u00e9fense avec le bras dans un mouvement de l\u2019ext\u00e9rieur vers l\u2019int\u00e9rieur<\/td>\n<\/tr>\n<tr>\n<td width=\"331\">UCHI UDE UKE<\/td>\n<td width=\"331\">D\u00e9fense avec le bras dans un mouvement de l\u2019int\u00e9rieur vers l\u2019ext\u00e9rieur<\/td>\n<\/tr>\n<tr>\n<td width=\"331\">SHUTO UKE<\/td>\n<td width=\"331\">D\u00e9fense avec le tranchant de la main<\/td>\n<\/tr>\n<tr>\n<td width=\"331\">KOKEN UKE<\/td>\n<td width=\"331\">D\u00e9fense avec le poignet<\/td>\n<\/tr>\n<tr>\n<td width=\"331\">OSAE UKE<\/td>\n<td width=\"331\">D\u00e9fense par pression ou immobilisation avec la main<\/td>\n<\/tr>\n<tr>\n<td width=\"331\">HAISHU UKE<\/td>\n<td width=\"331\">D\u00e9fense avec le dos de la main<\/td>\n<\/tr>\n<tr>\n<td width=\"331\">TEISHO UKE<\/td>\n<td width=\"331\">D\u00e9fense avec la paume<\/td>\n<\/tr>\n<tr>\n<td width=\"331\">JUJI UKE ou KOSA UKE<\/td>\n<td width=\"331\">D\u00e9fense double avec les deux bras crois\u00e9s<\/td>\n<\/tr>\n<tr>\n<td width=\"331\">KAKIWAKE UKE<\/td>\n<td width=\"331\">D\u00e9fense double en \u00e9cartant<\/td>\n<\/tr>\n<tr>\n<td width=\"331\">MOROTE UKE<\/td>\n<td width=\"331\">D\u00e9fense double, bras arri\u00e8re en protection<\/td>\n<\/tr>\n<tr>\n<td width=\"331\">HEIKO UKE<\/td>\n<td width=\"331\">D\u00e9fense double avec les deux bras parall\u00e8les<\/td>\n<\/tr>\n<tr>\n<td width=\"331\">SUKUI UKE<\/td>\n<td width=\"331\">D\u00e9fense en puisant<\/td>\n<\/tr>\n<tr>\n<td width=\"331\">NAGASHI UKE<\/td>\n<td width=\"331\">D\u00e9fense bross\u00e9e en accompagnant l\u2019attaque avec la main ou le bras<\/td>\n<\/tr>\n<tr>\n<td width=\"331\">OTOSHI UKE<\/td>\n<td width=\"331\">D\u00e9fense en frappant avec l\u2019avant bras vers le bas<\/td>\n<\/tr>\n<\/tbody>\n<\/table>\n<p>&nbsp;<\/p>\n<table>\n<tbody>\n<tr>\n<td colspan=\"2\" width=\"681\"><strong>ATTAQUES DIRECTES DE POING : TSUKI WAZA <\/strong><\/td>\n<\/tr>\n<tr>\n<td width=\"341\">CHOKU ZUKI<\/td>\n<td width=\"341\">Coup de poing fondamental<\/td>\n<\/tr>\n<tr>\n<td width=\"341\">GYAKU ZUKI<\/td>\n<td width=\"341\">Coup de poing avec le bras inverse \u00e0 la jambe avant<\/td>\n<\/tr>\n<tr>\n<td width=\"341\">O\u00cf ZUKI ou JUN ZUKI<\/td>\n<td width=\"341\">Coup de poing en poursuite avec un pas<\/td>\n<\/tr>\n<tr>\n<td width=\"341\">MAETE ZUKI<\/td>\n<td width=\"341\">Coup de poing avec le poing avant<\/td>\n<\/tr>\n<tr>\n<td width=\"341\">KIZAMI ZUKI<\/td>\n<td width=\"341\">Coup de poing avec le poing avant en effa\u00e7ant le buste<\/td>\n<\/tr>\n<tr>\n<td width=\"341\">NAGASHI ZUKI<\/td>\n<td width=\"341\">Coup de poing avec le poing avant en esquivant<\/td>\n<\/tr>\n<tr>\n<td width=\"341\">TATE ZUKI<\/td>\n<td width=\"341\">Coup de poing avec le poing vertical<\/td>\n<\/tr>\n<tr>\n<td width=\"341\">URA ZUKI<\/td>\n<td width=\"341\">Coup de poing, paume tourn\u00e9e vers le haut<\/td>\n<\/tr>\n<tr>\n<td width=\"341\">KAGI ZUKI<\/td>\n<td width=\"341\">Coup de poing en crochet<\/td>\n<\/tr>\n<tr>\n<td width=\"341\">MAWASHI ZUKI ou FURI ZUKI<\/td>\n<td width=\"341\">Coup de poing circulaire<\/td>\n<\/tr>\n<tr>\n<td width=\"341\">YAMA ZUKI<\/td>\n<td width=\"341\">Coup de poing double, simultan\u00e9ment joDan et geDan<\/td>\n<\/tr>\n<tr>\n<td width=\"341\">MOROTE ZUKI<\/td>\n<td width=\"341\">Coup de poing double au m\u00eame niveau<\/td>\n<\/tr>\n<tr>\n<td width=\"341\">NUKITE<\/td>\n<td width=\"341\">Attaque directe en pique de main<\/td>\n<\/tr>\n<tr>\n<td width=\"341\">AGE ZUKI<\/td>\n<td width=\"341\">Coup de poing remontant<\/td>\n<\/tr>\n<\/tbody>\n<\/table>\n<p>&nbsp;<\/p>\n<table>\n<tbody>\n<tr>\n<td colspan=\"2\" width=\"664\"><strong>TECHNIQUES DE PERCUSSION : UCHI WAZA <\/strong><\/td>\n<\/tr>\n<tr>\n<td width=\"332\">URAKEN UCHI<\/td>\n<td width=\"332\">Attaque circulaire avec le dos du poing<\/td>\n<\/tr>\n<tr>\n<td width=\"332\">SHUTO UCHI<\/td>\n<td width=\"332\">Attaque circulaire avec le tranchant de la main<\/td>\n<\/tr>\n<tr>\n<td width=\"332\">TETSUI UCHI<\/td>\n<td width=\"332\">Attaque circulaire avec la main en marteau, \u00e9minence d\u2019hypoth\u00e9nar<\/td>\n<\/tr>\n<tr>\n<td width=\"332\">ENPI UCHI ou HIJI UCHI<\/td>\n<td width=\"332\">Attaque avec le coude<\/td>\n<\/tr>\n<tr>\n<td width=\"332\">HA\u00cfTO UCHI<\/td>\n<td width=\"332\">Attaque avec le tranchant interne de la main (C\u00f4t\u00e9 pouce)<\/td>\n<\/tr>\n<tr>\n<td width=\"332\">TEISHO UCHI<\/td>\n<td width=\"332\">Attaque avec la paume<\/td>\n<\/tr>\n<tr>\n<td width=\"332\">KOKEN UCHI<\/td>\n<td width=\"332\">Attaque avec le dessus poignet<\/td>\n<\/tr>\n<tr>\n<td width=\"332\">HA\u00cfSHU UCHI<\/td>\n<td width=\"332\">Attaque avec le dos de la main<\/td>\n<\/tr>\n<\/tbody>\n<\/table>\n<p>&nbsp;<\/p>\n<table>\n<tbody>\n<tr>\n<td colspan=\"2\" width=\"660\"><strong>ATTAQUES DE PIEDS : KERI WAZA <\/strong><\/td>\n<\/tr>\n<tr>\n<td width=\"330\">MAE GERI<\/td>\n<td width=\"330\">Coup de pied de face<\/td>\n<\/tr>\n<tr>\n<td width=\"330\">MAWASHI GERI<\/td>\n<td width=\"330\">Coup de pied circulaire (fouett\u00e9)<\/td>\n<\/tr>\n<tr>\n<td width=\"330\">YOKO KEKOMI<\/td>\n<td width=\"330\">Coup de pied lat\u00e9ral d\u00e9fon\u00e7ant (Chass\u00e9)<\/td>\n<\/tr>\n<tr>\n<td width=\"330\">YOKO KEAGE<\/td>\n<td width=\"330\">Coup de pied lat\u00e9ral remontant<\/td>\n<\/tr>\n<tr>\n<td width=\"330\">USHIRO GERI<\/td>\n<td width=\"330\">Coup de pied vers l\u2019arri\u00e8re<\/td>\n<\/tr>\n<tr>\n<td width=\"330\">URA MAWASHI GERI<\/td>\n<td width=\"330\">Coup de pied en revers tournant<\/td>\n<\/tr>\n<tr>\n<td width=\"330\">MIKAZUKI GERI<\/td>\n<td width=\"330\">Coup de pied en croissant<\/td>\n<\/tr>\n<tr>\n<td width=\"330\">URA MIKAZUKI GERI<\/td>\n<td width=\"330\">Coup de pied en croissant inverse<\/td>\n<\/tr>\n<tr>\n<td width=\"330\">FUMIKOMI<\/td>\n<td width=\"330\">Coup de pied \u00e9crasant<\/td>\n<\/tr>\n<tr>\n<td width=\"330\">FUMIKIRI<\/td>\n<td width=\"330\">Coup de pied bas (dans l\u2019id\u00e9e de couper)<\/td>\n<\/tr>\n<tr>\n<td width=\"330\">TOBI GERI<\/td>\n<td width=\"330\">Coup de pied saut\u00e9<\/td>\n<\/tr>\n<tr>\n<td width=\"330\">ASHI BARAI<\/td>\n<td width=\"330\">Balayage<\/td>\n<\/tr>\n<tr>\n<td width=\"330\">USHIRO MAWASHI BARAI<\/td>\n<td width=\"330\">Balayage tournant par l\u2019arri\u00e8re<\/td>\n<\/tr>\n<tr>\n<td width=\"330\">HIZA OU HITSUI GERI<\/td>\n<td width=\"330\">Coup de genou<\/td>\n<\/tr>\n<tr>\n<td width=\"330\">NAMI GAESHI<\/td>\n<td width=\"330\">Coup de pied en vague (mouvement remontant avec la plante du pied)<\/td>\n<\/tr>\n<tr>\n<td width=\"330\">KAKATO GERI<\/td>\n<td width=\"330\">Coup de talon de haut en bas<\/td>\n<\/tr>\n<\/tbody>\n<\/table>\n<p>&nbsp;<\/p>\n","protected":false},"excerpt":{"rendered":"<p>POSITIONS : DACHI SANCHIN DACHI Position dit du \u00ab\u00a0Sablier\u00a0\u00bb ou des 3 centres ZENKUTSU DACHI Fente avant : jambe avant fl\u00e9chie, jambe arri\u00e8re tendue SHIKO DACHI Position du sumotori NEKO ASHI DACHI Position du chat FUDO DACHI Position \u00e9quilibr\u00e9e de combat (entre Zen kutsu et Kokutsu) HACHIJI DACHI Debout pieds point\u00e9s vers l\u2019ext\u00e9rieur \u00e9cart\u00e9s de &hellip; <a href=\"https:\/\/www.karatecachan.fr\/?page_id=1473\" class=\"more-link\">Continuer la lecture de <span class=\"screen-reader-text\">Noms des positions et des techniques en japonais<\/span>  <span class=\"meta-nav\">&rarr;<\/span><\/a><\/p>\n","protected":false},"author":1,"featured_media":0,"parent":0,"menu_order":0,"comment_status":"closed","ping_status":"open","template":"","meta":{"footnotes":""},"class_list":["post-1473","page","type-page","status-publish","hentry"],"_links":{"self":[{"href":"https:\/\/www.karatecachan.fr\/index.php?rest_route=\/wp\/v2\/pages\/1473","targetHints":{"allow":["GET"]}}],"collection":[{"href":"https:\/\/www.karatecachan.fr\/index.php?rest_route=\/wp\/v2\/pages"}],"about":[{"href":"https:\/\/www.karatecachan.fr\/index.php?rest_route=\/wp\/v2\/types\/page"}],"author":[{"embeddable":true,"href":"https:\/\/www.karatecachan.fr\/index.php?rest_route=\/wp\/v2\/users\/1"}],"replies":[{"embeddable":true,"href":"https:\/\/www.karatecachan.fr\/index.php?rest_route=%2Fwp%2Fv2%2Fcomments&post=1473"}],"version-history":[{"count":0,"href":"https:\/\/www.karatecachan.fr\/index.php?rest_route=\/wp\/v2\/pages\/1473\/revisions"}],"wp:attachment":[{"href":"https:\/\/www.karatecachan.fr\/index.php?rest_route=%2Fwp%2Fv2%2Fmedia&parent=1473"}],"curies":[{"name":"wp","href":"https:\/\/api.w.org\/{rel}","templated":true}]}}