{"id":1030,"date":"2012-08-24T00:21:04","date_gmt":"2012-08-23T22:21:04","guid":{"rendered":"http:\/\/www.karatecachan.fr\/?page_id=1030"},"modified":"2017-08-18T13:06:01","modified_gmt":"2017-08-18T11:06:01","slug":"reglement-interieur","status":"publish","type":"page","link":"https:\/\/www.karatecachan.fr\/?page_id=1030","title":{"rendered":"R\u00e9glement int\u00e9rieur"},"content":{"rendered":"<p align=\"center\"><strong><span style=\"text-decoration: underline;\">REGLEMENT INTERIEUR DU SHOREI RYU KARATE DO<\/span><\/strong><\/p>\n<p><strong>&nbsp;Article 1 :<\/strong><\/p>\n<p>Le pr\u00e9sent r\u00e8glement a pour objet de d\u00e9terminer les conditions dans lesquelles les usagers pourront \u00eatre accueillis dans les \u00e9quipements sportifs.<\/p>\n<p><strong>&nbsp;Article 2 :<\/strong><\/p>\n<p>Lors de son inscription \u00e0 l\u2019association pour la saison sportive en cours, le pr\u00e9tendant au statut d\u2019adh\u00e9rent doit fournir :<\/p>\n<ul>\n<li>Un certificat m\u00e9dical indiquant la non contre-indication \u00e0 la pratique du karat\u00e9. Nous rappelons que celui-ci est obligatoire et qu\u2019il doit \u00eatre \u00e9tabli chaque ann\u00e9e apr\u00e8s le 1<sup>er<\/sup> ao\u00fbt, pour \u00eatre en accord avec la r\u00e9glementation f\u00e9d\u00e9rale de la F\u00e9d\u00e9ration Fran\u00e7aise de Karat\u00e9.<\/li>\n<li>Une photo d\u2019identit\u00e9 sur papier ou num\u00e9rique envoy\u00e9e par courriel \u00e0 l&rsquo;adresse suivante&nbsp;: <strong>karatecachan@gmail.com<\/strong><\/li>\n<li>Une fiche d\u2019inscription d\u00fbment compl\u00e9t\u00e9e (formulaire disponible sur notre site <a href=\"https:\/\/www.karatecachan.fr\/\">www.karatecachan.fr <\/a>)<\/li>\n<li>Une autorisation parentale pour les mineurs (formulaire disponible sur notre site <a href=\"https:\/\/www.karatecachan.fr\/\">www.karatecachan.fr <\/a>)<\/li>\n<li>Le paiement de sa cotisation (paiement possible en 3 fois avec accord de la Tr\u00e9sori\u00e8re). Les adh\u00e9sions sont payables d\u2019avance et en totalit\u00e9 d\u00e8s l\u2019inscription (tarifs disponibles sur notre site <a href=\"https:\/\/www.karatecachan.fr\/\">www.karatecachan.fr <\/a>)<\/li>\n<\/ul>\n<div>\n<p><strong>Les dossiers incomplets \u00e0 l\u2019inscription seront rejet\u00e9s. Le club se r\u00e9serve le droit d\u2019interdire l\u2019acc\u00e8s aux cours aux personnes en d\u00e9faut jusqu\u2019\u00e0 l\u2019obtention de ces documents.<\/strong><\/p>\n<\/div>\n<p><strong>Article 3 :<\/strong><\/p>\n<p>L\u2019adh\u00e9rent, poss\u00e9dant un passeport sportif de karat\u00e9, est tenu de faire remplir par son m\u00e9decin la rubrique concernant le certificat m\u00e9dical pour l\u2019ann\u00e9e en cours, d\u2019en faire la photocopie et de joindre cette derni\u00e8re \u00e0 son dossier d\u2019inscription.<\/p>\n<p><strong>&nbsp;Article 4 :<\/strong><\/p>\n<div>\n<p><strong>Aucune annulation d\u2019adh\u00e9sion n\u2019est possible \u00e0 partir du moment o\u00f9 celle-ci est souscrite.<\/strong><\/p>\n<\/div>\n<p><strong>&nbsp;Article 5 :<\/strong><\/p>\n<p>Pour une meilleure qualit\u00e9 d\u2019enseignement, nous demandons aux parents de ne pas assister aux cours des enfants, ceux-ci \u00e9tant perturb\u00e9s dans leur concentration, essentielle dans les arts martiaux et dans toute activit\u00e9 \u00e9ducative. A contrario, de tr\u00e8s bons r\u00e9sultats sont obtenus quand un parent s\u2019entra\u00eene en m\u00eame temps que son enfant.<\/p>\n<p>Toutefois, les parents sont tenus de v\u00e9rifier avant de d\u00e9poser leur(s) enfant(s) que le cours est assur\u00e9.<\/p>\n<p><strong>&nbsp;Article 6 :<\/strong><\/p>\n<p>Les membres sont tenus de respecter les locaux, le mat\u00e9riel mis \u00e0 leur disposition et la tranquillit\u00e9 de chacun. Le club se r\u00e9serve le droit d\u2019exclure temporairement ou d\u00e9finitivement toute personne ne satisfaisant pas \u00e0 cette r\u00e8gle.<\/p>\n<p>Les membres sont \u00e9galement tenus de ne pas entrer dans le dojo avant que le pr\u00e9c\u00e9dent cours soit termin\u00e9 et les adh\u00e9rents sortis.<\/p>\n<p><strong>&nbsp;Article 7 :<\/strong><\/p>\n<p>La loi interdit le transport d\u2019arme hors de son \u00e9tui de transport. Tout incident ou accident caus\u00e9 par celle-ci sera sous la responsabilit\u00e9 de l&rsquo;adh\u00e9rent, et s&rsquo;il est mineur, de ses parents ou tuteurs.<\/p>\n<p><strong>&nbsp;Article 8 :<\/strong><\/p>\n<p>Par mesure d\u2019hygi\u00e8ne, il est obligatoire :<\/p>\n<ul>\n<li>D&rsquo;avoir les mains et les pieds propres au d\u00e9but de chaque entra\u00eenement et les ongles coup\u00e9s courts.<\/li>\n<li>Il est obligatoire d&rsquo;avoir une tenue pour pratiquer (karate gi) propre.<\/li>\n<\/ul>\n<p><strong>&nbsp;Article 9 :<\/strong><\/p>\n<p>Par mesure de s\u00e9curit\u00e9, le port de bijoux et de montres est strictement interdit pendant les entra\u00eenements afin d&rsquo;\u00e9viter toute blessure.<\/p>\n<p><strong>&nbsp;Article 10 :<\/strong><\/p>\n<p>Des vestiaires situ\u00e9s \u00e0 l\u2019ext\u00e9rieur du dojo, sont \u00e0 la disposition des adh\u00e9rents pour leur permettre de se changer. Il est vivement conseill\u00e9 de ne rien laisser dans ces vestiaires \u00e9tant utilis\u00e9s par d\u2019autres clubs, et de conserver leurs affaires apr\u00e8s s\u2019\u00eatre chang\u00e9, dans le local du dojo. En cas de perte ou de vol dans les vestiaires la responsabilit\u00e9 du club ne pourra \u00eatre engag\u00e9e.<\/p>\n<p>Les adh\u00e9rents pratiquants ne peuvent entrer dans le dojo qu&rsquo;en tenue d&rsquo;entra\u00eenement traditionnelle (karate gi).<\/p>\n<p><strong>&nbsp;Article 11 :<\/strong><\/p>\n<p>Le club est ferm\u00e9 pendant tous les cong\u00e9s scolaires et les jours f\u00e9ri\u00e9s, ainsi que les jours d\u00e9cid\u00e9s arbitrairement par la Mairie de Cachan.<\/p>\n<p><strong>&nbsp;Article 12 :<\/strong><\/p>\n<p>Le club d\u00e9cline toute responsabilit\u00e9 pour les accidents et incidents pouvant survenir pendant le trajet de l\u2019adh\u00e9rent entre son domicile et le club.<\/p>\n<p><strong>&nbsp;Article 13 :<\/strong><\/p>\n<p>Si un ou plusieurs adh\u00e9rents manquent de respect \u00e0 autrui en insultant, en cr\u00e9ant des bagarres ou encore portent atteinte au club en g\u00e9n\u00e9ral ou \u00e0 des adh\u00e9rents en particulier, par leurs actions ou par leurs propos, la direction du club pourra prendre des mesures disciplinaires pouvant aller jusqu\u2019\u00e0 l\u2019exclusion d\u00e9finitive. Aucun remboursement ne sera alors d\u00fb.<\/p>\n<p><strong>&nbsp;Article 14 :<\/strong><\/p>\n<p>Il est demand\u00e9 aux adh\u00e9rents de respecter les horaires par respect pour les professeurs et les autres \u00e9l\u00e8ves.<\/p>\n<p><strong>&nbsp;Article 15 :<\/strong><\/p>\n<p>Chaque adh\u00e9rent souhaitant participer \u00e0 une ou des comp\u00e9titions doit avoir son \u00e9quipement personnel lors des entra\u00eenements et des comp\u00e9titions.<\/p>\n<p><strong>Article 16 :<\/strong><\/p>\n<p>Droit \u00e0 l\u2019image \u2013 Sauf sur demande expresse de leur part, les adh\u00e9rents (et les parents d&rsquo;adh\u00e9rents mineurs) acceptent qu&rsquo;ils soient pris en photo et que ces photos soient publi\u00e9es pour servir \u00e0 la promotion du club et de la discipline (calendrier, article, site internet\u2026).<\/p>\n<p>&nbsp;<\/p>\n<p><strong>T\u00e9l\u00e9charger le r\u00e8glement int\u00e9rieur au format PDF en cliquant <a href=\"https:\/\/www.karatecachan.fr\/wp-content\/uploads\/2012\/08\/R\u00e8glement_int\u00e9rieur_SRKD-1.pdf\">ici<\/a><\/strong><\/p>\n<p>&nbsp;<\/p>\n","protected":false},"excerpt":{"rendered":"<p>REGLEMENT INTERIEUR DU SHOREI RYU KARATE DO &nbsp;Article 1 : Le pr\u00e9sent r\u00e8glement a pour objet de d\u00e9terminer les conditions dans lesquelles les usagers pourront \u00eatre accueillis dans les \u00e9quipements sportifs. &nbsp;Article 2 : Lors de son inscription \u00e0 l\u2019association pour la saison sportive en cours, le pr\u00e9tendant au statut d\u2019adh\u00e9rent doit fournir : Un &hellip; <a href=\"https:\/\/www.karatecachan.fr\/?page_id=1030\" class=\"more-link\">Continuer la lecture de <span class=\"screen-reader-text\">R\u00e9glement int\u00e9rieur<\/span>  <span class=\"meta-nav\">&rarr;<\/span><\/a><\/p>\n","protected":false},"author":1,"featured_media":0,"parent":18,"menu_order":5,"comment_status":"closed","ping_status":"open","template":"","meta":{"footnotes":""},"class_list":["post-1030","page","type-page","status-publish","hentry"],"_links":{"self":[{"href":"https:\/\/www.karatecachan.fr\/index.php?rest_route=\/wp\/v2\/pages\/1030","targetHints":{"allow":["GET"]}}],"collection":[{"href":"https:\/\/www.karatecachan.fr\/index.php?rest_route=\/wp\/v2\/pages"}],"about":[{"href":"https:\/\/www.karatecachan.fr\/index.php?rest_route=\/wp\/v2\/types\/page"}],"author":[{"embeddable":true,"href":"https:\/\/www.karatecachan.fr\/index.php?rest_route=\/wp\/v2\/users\/1"}],"replies":[{"embeddable":true,"href":"https:\/\/www.karatecachan.fr\/index.php?rest_route=%2Fwp%2Fv2%2Fcomments&post=1030"}],"version-history":[{"count":4,"href":"https:\/\/www.karatecachan.fr\/index.php?rest_route=\/wp\/v2\/pages\/1030\/revisions"}],"predecessor-version":[{"id":2194,"href":"https:\/\/www.karatecachan.fr\/index.php?rest_route=\/wp\/v2\/pages\/1030\/revisions\/2194"}],"up":[{"embeddable":true,"href":"https:\/\/www.karatecachan.fr\/index.php?rest_route=\/wp\/v2\/pages\/18"}],"wp:attachment":[{"href":"https:\/\/www.karatecachan.fr\/index.php?rest_route=%2Fwp%2Fv2%2Fmedia&parent=1030"}],"curies":[{"name":"wp","href":"https:\/\/api.w.org\/{rel}","templated":true}]}}